{"id":26,"date":"2019-07-15T23:39:03","date_gmt":"2019-07-15T23:39:03","guid":{"rendered":"https:\/\/dumencic.com\/otd\/kontakt\/"},"modified":"2019-12-08T16:23:37","modified_gmt":"2019-12-08T16:23:37","slug":"kontakt","status":"publish","type":"page","link":"https:\/\/dumencic.com\/otd\/kontakt\/","title":{"rendered":"Kontakt"},"content":{"rendered":"<!--[fluid]--><!--{content}-->    <!--[section]-->\n\t\t<style>\n.bd-section-737623325{padding-bottom:4em;padding-top:4em;}\n.bd-section-737623325{\n\tline-height:  36px;\n\tfont-size:  18px;\n\tfont-style:  normal;\n}\n.bd-section-737623325 h4{\n\tline-height:  68.57142859px;\n\tfont-size:  48px;\n\tcolor:  #000000;\n\ttext-transform:  none;\n\tfont-weight:  300;\n\tfont-style:  normal;\n\tmargin-top:  0;\n}\n\n@media (max-width: 1199px) {.bd-section-737623325{\n\tline-height:  22.85714286px;\n\tfont-size:  16px;\n}\n.bd-section-737623325 h4{\n\tline-height:  44.2857143px;\n\tfont-size:  31px;\n}\n}\n@media (max-width: 991px) {.bd-section-737623325{\n\tline-height:  20.00000001px;\n\tfont-size:  14px;\n}\n}<\/style>\t\t<section id=section4 class=\" bd-section-737623325 bd-page-width  bd-tagstyles\" data-section-title=\"Map Two Thirds\">\n\t\t\t<div class=\"bd-container-inner bd-margins clearfix\">\n\t\t\t\t<!--{content}-->\n\t\t\t\t\t<!--[container_effect]--> <div class=\"container-effect container  bd-containereffect-1923843799 \"><!--{content}-->    <!--[columns]-->\n        <style>\n.bd-layoutcontainer-2139498912  > .bd-container-inner > .container-fluid:after{display:none;}<\/style><style>\n.bd-layoutcontainer-2139498912 > .bd-container-inner > .container-fluid, .bd-layoutcontainer-2139498912 > .bd-container-inner > .container-fluid > .row{height:100%;}<\/style><style>.bd-layoutcontainer-2139498912 > .bd-container-inner > .container-fluid {padding-left: 0; padding-right: 0;margin-left: 0!important; margin-right: 0!important;}<\/style>        <style>\n.bd-layoutcolumn-689830148{margin:3em;}\n@media (max-width: 991px) {.bd-layoutcolumn-689830148{margin:2em;}}<\/style>        <div class=\" bd-layoutcontainer-2139498912  bd-columns bd-no-margins\">\n            <div class=\"bd-container-inner\">\n                <div class=\"container-fluid\">\n                    <div class=\"row bd-row-flex bd-row-align-middle\">\n                        <!--{content}-->\n                                <!--[column]-->\n        <div class=\"col-sm-8 bd-columnwrapper-870679786\">\n            <div class=\"bd-column  bd-layoutcolumn-870679786 \">\n                <div class=\"bd-vertical-align-wrapper\">\n                    <!--{content}-->\n                            <!--[googlemap]-->\n        <style>\n            .additional-class-1284358583 {\n                height: 300px;\n                width: 100%;\n                display: block;\n            }\n        <\/style>\n        <style>\n.additional-class-1284358583{height:500px;width:100%;display:block;}\n@media (max-width: 1199px) {.additional-class-1284358583{height:350px;}}<\/style>        <div class=\"bd-imagestyles  additional-class-1284358583  bd-own-margins\">\n            <div class=\"embed-responsive\" style=\"height: 100%; width: 100%;\">\n                <iframe class=\"embed-responsive-item\" src=\"\/\/maps.google.com\/maps?output=embed&q=Slovenska ulica 13, Zagreb&z=16&t=m&hl=English\">\n                <\/iframe>\n            <\/div>\n        <\/div>\n    <!--[\/googlemap]-->\n                    <!--{\/content}-->\n                <\/div>\n            <\/div>\n        <\/div>\n    <!--[\/column]-->\n\n\t\n\t\t    <!--[column]-->\n        <div class=\"col-sm-4 bd-columnwrapper-689830148\">\n            <div class=\"bd-column  bd-layoutcolumn-689830148  bd-no-margins\">\n                <div class=\"bd-vertical-align-wrapper\">\n                    <!--{content}-->\n                            <!--[text]-->\n                <h2 class=\" additional-class-625172226  bd-content-element\">\n            <!--{content}-->\n                KONTAKT<br>            <!--{\/content}-->\n        <\/h2>\n    <!--[\/text]-->\n\n\t\n\t\t    <!--[text]-->\n                <p class=\" additional-class-82370885  bd-content-element\">\n            <!--{content}-->\n                Odvjetni\u010dki ured Dumen\u010di\u0107<br>HR-10000 Zagreb, <br>Slovenska ulica 13<br><br>E-mail: tomislav@dumencic.com<br>Mob: + 385 91 48 44 484            <!--{\/content}-->\n        <\/p>\n    <!--[\/text]-->\n                    <!--{\/content}-->\n                <\/div>\n            <\/div>\n        <\/div>\n    <!--[\/column]-->\n                        <!--{\/content}-->\n                    <\/div>\n                <\/div>\n            <\/div>\n        <\/div>\n    <!--[\/columns]-->\n<!--{\/content}--><\/div><!--[\/container_effect]-->\t\t\t\t<!--{\/content}-->\n\t\t\t<\/div>\n\t\t<\/section>\n\t<!--[\/section]-->\n<!--{\/content}--><!--[\/fluid]-->\n","protected":false},"excerpt":{"rendered":"","protected":false},"author":1,"featured_media":0,"parent":0,"menu_order":5,"comment_status":"closed","ping_status":"closed","template":"","meta":{"footnotes":""},"class_list":["post-26","page","type-page","status-publish","hentry"],"_links":{"self":[{"href":"https:\/\/dumencic.com\/otd\/wp-json\/wp\/v2\/pages\/26"}],"collection":[{"href":"https:\/\/dumencic.com\/otd\/wp-json\/wp\/v2\/pages"}],"about":[{"href":"https:\/\/dumencic.com\/otd\/wp-json\/wp\/v2\/types\/page"}],"author":[{"embeddable":true,"href":"https:\/\/dumencic.com\/otd\/wp-json\/wp\/v2\/users\/1"}],"replies":[{"embeddable":true,"href":"https:\/\/dumencic.com\/otd\/wp-json\/wp\/v2\/comments?post=26"}],"version-history":[{"count":2,"href":"https:\/\/dumencic.com\/otd\/wp-json\/wp\/v2\/pages\/26\/revisions"}],"predecessor-version":[{"id":101,"href":"https:\/\/dumencic.com\/otd\/wp-json\/wp\/v2\/pages\/26\/revisions\/101"}],"wp:attachment":[{"href":"https:\/\/dumencic.com\/otd\/wp-json\/wp\/v2\/media?parent=26"}],"curies":[{"name":"wp","href":"https:\/\/api.w.org\/{rel}","templated":true}]}}